{"id":10,"date":"2018-01-30T20:52:47","date_gmt":"2018-01-30T19:52:47","guid":{"rendered":"http:\/\/fv-gs-bingen.de\/cms\/?page_id=10"},"modified":"2018-01-31T08:10:37","modified_gmt":"2018-01-31T07:10:37","slug":"zusammenarbeit-foerderverein-und-grundschule-an-der-burg-klopp-bingen","status":"publish","type":"page","link":"http:\/\/fv-gs-bingen.de\/cms\/zusammenarbeit-foerderverein-und-grundschule-an-der-burg-klopp-bingen\/","title":{"rendered":"Die Grundschule"},"content":{"rendered":"<p><strong>Zusammenarbeit zwischen F\u00f6rderverein und Grundschule an der Burg Klopp Bingen<\/strong><\/p>\n<p>Der F\u00f6rderverein ist ein gemeinn\u00fctziger Verein. Er arbeitet eng mit der Schulleitung und dem Schulelternbeirat zusammen. Alle Spenden und Mitgliedsbeitr\u00e4ge werden f\u00fcr Projekte der Grundschule an der Burg Klopp verwendet.<\/p>\n<p>Die Entscheidung dar\u00fcber, welche Projekte mit welchen Mitteln realisiert werden, erfolgt auf Antrag der Schulleitung und der Elternvertretung. Der F\u00f6rderverein versucht, die fehlenden finanziellen Gelder aufzubringen.<\/p>\n<p>Besuchen Sie die Website der Schule:<br \/>\n<a href=\"http:\/\/www.gs-bingen.de\"><u> www.gs-bingen.de<\/u><\/a><\/p>\n<p>Auch auf den Seiten der Grundschule k\u00f6nnen Sie sich \u00fcber unsere Arbeit informieren.<\/p>\n","protected":false},"excerpt":{"rendered":"<p>Zusammenarbeit zwischen F\u00f6rderverein und Grundschule an der Burg Klopp Bingen Der F\u00f6rderverein ist ein gemeinn\u00fctziger Verein. Er arbeitet eng mit der Schulleitung und dem Schulelternbeirat zusammen. Alle Spenden und Mitgliedsbeitr\u00e4ge werden f\u00fcr Projekte der Grundschule an der Burg Klopp verwendet. Die Entscheidung dar\u00fcber, welche Projekte mit welchen Mitteln realisiert werden, erfolgt auf Antrag der Schulleitung [&hellip;]<\/p>\n","protected":false},"author":1,"featured_media":32,"parent":0,"menu_order":0,"comment_status":"closed","ping_status":"closed","template":"","meta":[],"_links":{"self":[{"href":"http:\/\/fv-gs-bingen.de\/cms\/wp-json\/wp\/v2\/pages\/10"}],"collection":[{"href":"http:\/\/fv-gs-bingen.de\/cms\/wp-json\/wp\/v2\/pages"}],"about":[{"href":"http:\/\/fv-gs-bingen.de\/cms\/wp-json\/wp\/v2\/types\/page"}],"author":[{"embeddable":true,"href":"http:\/\/fv-gs-bingen.de\/cms\/wp-json\/wp\/v2\/users\/1"}],"replies":[{"embeddable":true,"href":"http:\/\/fv-gs-bingen.de\/cms\/wp-json\/wp\/v2\/comments?post=10"}],"version-history":[{"count":5,"href":"http:\/\/fv-gs-bingen.de\/cms\/wp-json\/wp\/v2\/pages\/10\/revisions"}],"predecessor-version":[{"id":74,"href":"http:\/\/fv-gs-bingen.de\/cms\/wp-json\/wp\/v2\/pages\/10\/revisions\/74"}],"wp:featuredmedia":[{"embeddable":true,"href":"http:\/\/fv-gs-bingen.de\/cms\/wp-json\/wp\/v2\/media\/32"}],"wp:attachment":[{"href":"http:\/\/fv-gs-bingen.de\/cms\/wp-json\/wp\/v2\/media?parent=10"}],"curies":[{"name":"wp","href":"https:\/\/api.w.org\/{rel}","templated":true}]}}