{"id":5,"date":"2018-01-30T20:46:11","date_gmt":"2018-01-30T19:46:11","guid":{"rendered":"http:\/\/fv-gs-bingen.de\/cms\/?page_id=5"},"modified":"2024-08-24T21:52:40","modified_gmt":"2024-08-24T19:52:40","slug":"home","status":"publish","type":"page","link":"http:\/\/fv-gs-bingen.de\/cms\/","title":{"rendered":"Der Verein"},"content":{"rendered":"<p>Der F\u00f6rderverein der Grundschule an der Burg Klopp Bingen e.V. macht sich f\u00fcr die Kinder der Schule stark.<\/p>\n<p>Unser Ziel ist es, dass Kinder ihre Schule gerne besuchen. Sie sollen mit Freude, Ehrgeiz und Neugier unterschiedlichste Wissensgebiete erforschen. So haben die Kinder die M\u00f6glichkeit, die Schule zu ihrem Ort zu machen. Sie k\u00f6nnen die Kreativit\u00e4t entwickeln, die Sch\u00fcler ben\u00f6tigen, um spielerisch zu lernen.<\/p>\n<p>Der F\u00f6rderverein der Grundschule an der Burg Klopp Bingen e.V. unterst\u00fctzt die Schule bei Projekten und Vorhaben, die sich positiv auf den Lernerfolg der Kinder auswirken. Diese Unterst\u00fctzung erfolgt aus Mitgliedsbeitr\u00e4gen, Spenden und dem Einsatz unserer Mitglieder.<\/p>\n","protected":false},"excerpt":{"rendered":"<p>Der F\u00f6rderverein der Grundschule an der Burg Klopp Bingen e.V. macht sich f\u00fcr die Kinder der Schule stark. Unser Ziel ist es, dass Kinder ihre Schule gerne besuchen. Sie sollen mit Freude, Ehrgeiz und Neugier unterschiedlichste Wissensgebiete erforschen. So haben die Kinder die M\u00f6glichkeit, die Schule zu ihrem Ort zu machen. Sie k\u00f6nnen die Kreativit\u00e4t [&hellip;]<\/p>\n","protected":false},"author":1,"featured_media":221,"parent":0,"menu_order":0,"comment_status":"closed","ping_status":"closed","template":"","meta":[],"_links":{"self":[{"href":"http:\/\/fv-gs-bingen.de\/cms\/wp-json\/wp\/v2\/pages\/5"}],"collection":[{"href":"http:\/\/fv-gs-bingen.de\/cms\/wp-json\/wp\/v2\/pages"}],"about":[{"href":"http:\/\/fv-gs-bingen.de\/cms\/wp-json\/wp\/v2\/types\/page"}],"author":[{"embeddable":true,"href":"http:\/\/fv-gs-bingen.de\/cms\/wp-json\/wp\/v2\/users\/1"}],"replies":[{"embeddable":true,"href":"http:\/\/fv-gs-bingen.de\/cms\/wp-json\/wp\/v2\/comments?post=5"}],"version-history":[{"count":3,"href":"http:\/\/fv-gs-bingen.de\/cms\/wp-json\/wp\/v2\/pages\/5\/revisions"}],"predecessor-version":[{"id":91,"href":"http:\/\/fv-gs-bingen.de\/cms\/wp-json\/wp\/v2\/pages\/5\/revisions\/91"}],"wp:featuredmedia":[{"embeddable":true,"href":"http:\/\/fv-gs-bingen.de\/cms\/wp-json\/wp\/v2\/media\/221"}],"wp:attachment":[{"href":"http:\/\/fv-gs-bingen.de\/cms\/wp-json\/wp\/v2\/media?parent=5"}],"curies":[{"name":"wp","href":"https:\/\/api.w.org\/{rel}","templated":true}]}}